{"id":289,"date":"2022-05-26T16:20:31","date_gmt":"2022-05-26T14:20:31","guid":{"rendered":"http:\/\/lydia-schmidl.com\/?page_id=289"},"modified":"2026-02-06T12:41:10","modified_gmt":"2026-02-06T11:41:10","slug":"unterricht","status":"publish","type":"page","link":"https:\/\/lydia-schmidl.com\/en\/unterricht\/","title":{"rendered":"Teaching"},"content":{"rendered":"<div data-elementor-type=\"wp-page\" data-elementor-id=\"289\" class=\"elementor elementor-289\">\n\t\t\t\t\t\t<section class=\"elementor-section elementor-top-section elementor-element elementor-element-4e3ed7ea elementor-section-boxed elementor-section-height-default elementor-section-height-default\" data-id=\"4e3ed7ea\" data-element_type=\"section\" data-e-type=\"section\">\n\t\t\t\t\t\t<div class=\"elementor-container elementor-column-gap-default\">\n\t\t\t\t\t<div class=\"elementor-column elementor-col-100 elementor-top-column elementor-element elementor-element-66ea8547\" data-id=\"66ea8547\" data-element_type=\"column\" data-e-type=\"column\">\n\t\t\t<div class=\"elementor-widget-wrap elementor-element-populated\">\n\t\t\t\t\t\t<div class=\"elementor-element elementor-element-5e71a7fc elementor-widget elementor-widget-text-editor\" data-id=\"5e71a7fc\" data-element_type=\"widget\" data-e-type=\"widget\" data-widget_type=\"text-editor.default\">\n\t\t\t\t<div class=\"elementor-widget-container\">\n\t\t\t\t\t\t\t\t\t<p>Music is my great passion, and I take great pleasure in sharing it with others. I teach children, teenagers, and adults\u2014from their first contact with the instrument to university studies. Recently, I found my work as a lecturer in accordion at the University of the Arts Bremen particularly inspiring, where I gained valuable insights into working with aspiring musicians.<\/p><p>My focus is on reflecting the stylistic diversity of the accordion and using different learning fields. It is important for me to consider the student as a whole, based on the principles of Cos Art body technique, which I learned during my studies abroad in Barcelona. We would be happy to arrange a trial lesson. I look forward to meeting new faces!\u00a0<\/p><p><span style=\"caret-color: #000000; color: #000000; font-family: var( --e-global-typography-text-font-family ), Sans-serif; font-size: var( --e-global-typography-text-font-size ); font-style: var( --e-global-typography-text-font-style );\">I am a lecturer at the University of the Arts Bremen and also teach at the State Youth Music School in Hamburg. In addition, I regularly serve as a juror for \u201cJugend musiziert\u201d and greatly enjoy giving master classes at international universities\u2014most recently at Mianyang University in China and the University of Costa Rica (Faculty of Arts).<\/span><\/p><p><!-- \/\/.wpzoom-elementor-addons-image-box --><\/p>\t\t\t\t\t\t\t\t<\/div>\n\t\t\t\t<\/div>\n\t\t\t\t\t<\/div>\n\t\t<\/div>\n\t\t\t\t\t<\/div>\n\t\t<\/section>\n\t\t\t\t<section class=\"elementor-section elementor-top-section elementor-element elementor-element-e36db3f elementor-section-boxed elementor-section-height-default elementor-section-height-default\" data-id=\"e36db3f\" data-element_type=\"section\" data-e-type=\"section\">\n\t\t\t\t\t\t<div class=\"elementor-container elementor-column-gap-default\">\n\t\t\t\t\t<div class=\"elementor-column elementor-col-100 elementor-top-column elementor-element elementor-element-13126e7\" data-id=\"13126e7\" data-element_type=\"column\" data-e-type=\"column\">\n\t\t\t<div class=\"elementor-widget-wrap elementor-element-populated\">\n\t\t\t\t\t\t<div class=\"elementor-element elementor-element-db9c4b3 elementor-widget elementor-widget-image\" data-id=\"db9c4b3\" data-element_type=\"widget\" data-e-type=\"widget\" data-widget_type=\"image.default\">\n\t\t\t\t<div class=\"elementor-widget-container\">\n\t\t\t\t\t\t\t\t\t\t\t\t\t\t\t<img fetchpriority=\"high\" decoding=\"async\" width=\"950\" height=\"634\" src=\"https:\/\/lydia-schmidl.com\/wp-content\/uploads\/2022\/06\/6-Unterricht-1024x683.jpg\" class=\"attachment-large size-large wp-image-368\" alt=\"\" srcset=\"https:\/\/lydia-schmidl.com\/wp-content\/uploads\/2022\/06\/6-Unterricht-1024x683.jpg 1024w, https:\/\/lydia-schmidl.com\/wp-content\/uploads\/2022\/06\/6-Unterricht-300x200.jpg 300w, https:\/\/lydia-schmidl.com\/wp-content\/uploads\/2022\/06\/6-Unterricht-768x512.jpg 768w, https:\/\/lydia-schmidl.com\/wp-content\/uploads\/2022\/06\/6-Unterricht-1536x1024.jpg 1536w, https:\/\/lydia-schmidl.com\/wp-content\/uploads\/2022\/06\/6-Unterricht-2048x1365.jpg 2048w, https:\/\/lydia-schmidl.com\/wp-content\/uploads\/2022\/06\/6-Unterricht-2000x1333.jpg 2000w, https:\/\/lydia-schmidl.com\/wp-content\/uploads\/2022\/06\/6-Unterricht-scaled-18x12.jpg 18w\" sizes=\"100vw\" \/>\t\t\t\t\t\t\t\t\t\t\t\t\t\t\t<\/div>\n\t\t\t\t<\/div>\n\t\t\t\t\t<\/div>\n\t\t<\/div>\n\t\t\t\t\t<\/div>\n\t\t<\/section>\n\t\t\t\t<\/div>","protected":false},"excerpt":{"rendered":"<p>Musik ist meine gro\u00dfe Leidenschaft und es bereitet mir viel Freude, diese weiterzugeben. Ich unterrichte Kinder, Jugendliche und Erwachsene \u2013 vom ersten Kontakt mit dem Instrument bis zum Studium an der Hochschule. Besonders inspirierend war f\u00fcr mich zuletzt meine T\u00e4tigkeit als Dozentin f\u00fcr das Hauptfach Akkordeon an der Hochschule f\u00fcr K\u00fcnste Bremen, wo ich wertvolle &hellip; <\/p>\n<p class=\"link-more\"><a href=\"https:\/\/lydia-schmidl.com\/en\/unterricht\/\" class=\"more-link\">Read more<span class=\"screen-reader-text\"> &#8222;Unterricht&#8220;<\/span><\/a><\/p>","protected":false},"author":3,"featured_media":702,"parent":0,"menu_order":0,"comment_status":"closed","ping_status":"closed","template":"","meta":{"footnotes":""},"class_list":["post-289","page","type-page","status-publish","has-post-thumbnail","hentry"],"_links":{"self":[{"href":"https:\/\/lydia-schmidl.com\/en\/wp-json\/wp\/v2\/pages\/289","targetHints":{"allow":["GET"]}}],"collection":[{"href":"https:\/\/lydia-schmidl.com\/en\/wp-json\/wp\/v2\/pages"}],"about":[{"href":"https:\/\/lydia-schmidl.com\/en\/wp-json\/wp\/v2\/types\/page"}],"author":[{"embeddable":true,"href":"https:\/\/lydia-schmidl.com\/en\/wp-json\/wp\/v2\/users\/3"}],"replies":[{"embeddable":true,"href":"https:\/\/lydia-schmidl.com\/en\/wp-json\/wp\/v2\/comments?post=289"}],"version-history":[{"count":10,"href":"https:\/\/lydia-schmidl.com\/en\/wp-json\/wp\/v2\/pages\/289\/revisions"}],"predecessor-version":[{"id":785,"href":"https:\/\/lydia-schmidl.com\/en\/wp-json\/wp\/v2\/pages\/289\/revisions\/785"}],"wp:featuredmedia":[{"embeddable":true,"href":"https:\/\/lydia-schmidl.com\/en\/wp-json\/wp\/v2\/media\/702"}],"wp:attachment":[{"href":"https:\/\/lydia-schmidl.com\/en\/wp-json\/wp\/v2\/media?parent=289"}],"curies":[{"name":"wp","href":"https:\/\/api.w.org\/{rel}","templated":true}]}}