{"id":81,"date":"2022-04-15T16:11:38","date_gmt":"2022-04-15T14:11:38","guid":{"rendered":"http:\/\/lydia-schmidl.com\/?page_id=81"},"modified":"2026-02-06T13:02:05","modified_gmt":"2026-02-06T12:02:05","slug":"biografie","status":"publish","type":"page","link":"https:\/\/lydia-schmidl.com\/en\/biografie\/","title":{"rendered":"Biography"},"content":{"rendered":"<div data-elementor-type=\"wp-page\" data-elementor-id=\"81\" class=\"elementor elementor-81\">\n\t\t\t\t\t\t<section class=\"elementor-section elementor-top-section elementor-element elementor-element-7891652 elementor-section-boxed elementor-section-height-default elementor-section-height-default\" data-id=\"7891652\" data-element_type=\"section\" data-e-type=\"section\">\n\t\t\t\t\t\t<div class=\"elementor-container elementor-column-gap-default\">\n\t\t\t\t\t<div class=\"elementor-column elementor-col-100 elementor-top-column elementor-element elementor-element-2863ffa\" data-id=\"2863ffa\" data-element_type=\"column\" data-e-type=\"column\">\n\t\t\t<div class=\"elementor-widget-wrap elementor-element-populated\">\n\t\t\t\t\t\t<div class=\"elementor-element elementor-element-5bc9c31 elementor-widget elementor-widget-text-editor\" data-id=\"5bc9c31\" data-element_type=\"widget\" data-e-type=\"widget\" data-widget_type=\"text-editor.default\">\n\t\t\t\t<div class=\"elementor-widget-container\">\n\t\t\t\t\t\t\t\t\t<p style=\"font-weight: 400;\">Lydia Schmidl is a versatile accordionist and teacher who is constantly pushing the boundaries of her instrument with dedication. As a lecturer in accordion at the University of the Arts in Bremen, she passes on her artistic experience to the next generation and shapes a lively accordion scene in northern Germany.<\/p><p style=\"font-weight: 400;\">Contemporary music is a particular focus of her work. Lydia Schmidl regularly collaborates with numerous composers and has premiered several works written especially for her. In 2025, she performed the premiere of Latin Grammy winner Leo Brouwers'\u00a0<em>Cantic\u00f3s de un cham\u00e1n invisible<\/em>\u00a0for solo accordion \u2013 a work that explores the healing and spiritual power of music. Mario Marys\u00a0<em>Bipolar fluid<\/em>\u00a0for accordion and electronics is one of the outstanding projects of recent years. As a soloist, Lydia Schmidl inspires audiences with her expressive musical language and her sense of dramatic depth. She has performed works by Astor Piazzolla, Alejandro Nu\u00f1ez Allauca, and Sofia Gubaidulina and has given concerts with, among others, the\u00a0<em>Coro de Madrigalistas de la Universidad Cat\u00f3lica<\/em>\u00a0(Peru) and the chamber ensemble Konsonanz at the Laeiszhalle Hamburg.<\/p>\t\t\t\t\t\t\t\t<\/div>\n\t\t\t\t<\/div>\n\t\t\t\t\t<\/div>\n\t\t<\/div>\n\t\t\t\t\t<\/div>\n\t\t<\/section>\n\t\t\t\t<section class=\"elementor-section elementor-top-section elementor-element elementor-element-35fc9b6 elementor-section-boxed elementor-section-height-default elementor-section-height-default\" data-id=\"35fc9b6\" data-element_type=\"section\" data-e-type=\"section\">\n\t\t\t\t\t\t<div class=\"elementor-container elementor-column-gap-default\">\n\t\t\t\t\t<div class=\"elementor-column elementor-col-100 elementor-top-column elementor-element elementor-element-7f61e92\" data-id=\"7f61e92\" data-element_type=\"column\" data-e-type=\"column\">\n\t\t\t<div class=\"elementor-widget-wrap elementor-element-populated\">\n\t\t\t\t\t\t<div class=\"elementor-element elementor-element-6cadb86 elementor-widget elementor-widget-wpzoom-elementor-addons-image-box\" data-id=\"6cadb86\" data-element_type=\"widget\" data-e-type=\"widget\" data-widget_type=\"wpzoom-elementor-addons-image-box.default\">\n\t\t\t\t<div class=\"elementor-widget-container\">\n\t\t\t\t\t\t\t<div class=\"wpzoom-elementor-addons-image-box\">\n\t\t\t<h3>\n\t\t\t\t<span class=\"wpzoom-elementor-addons-image-box-link not-linked has-image\" style=\"background-image:url('https:\/\/lydia-schmidl.com\/wp-content\/uploads\/2022\/04\/cropped-Biografie_small.jpg');\"><span><\/span><\/span>\t\t\t<\/h3>\n\t\t<\/div><!-- \/\/.wpzoom-elementor-addons-image-box -->\n\t\t\t\t\t\t<\/div>\n\t\t\t\t<\/div>\n\t\t\t\t<div class=\"elementor-element elementor-element-01448c9 elementor-widget elementor-widget-spacer\" data-id=\"01448c9\" data-element_type=\"widget\" data-e-type=\"widget\" data-widget_type=\"spacer.default\">\n\t\t\t\t<div class=\"elementor-widget-container\">\n\t\t\t\t\t\t\t<div class=\"elementor-spacer\">\n\t\t\t<div class=\"elementor-spacer-inner\"><\/div>\n\t\t<\/div>\n\t\t\t\t\t\t<\/div>\n\t\t\t\t<\/div>\n\t\t\t\t\t<\/div>\n\t\t<\/div>\n\t\t\t\t\t<\/div>\n\t\t<\/section>\n\t\t\t\t<section class=\"elementor-section elementor-top-section elementor-element elementor-element-b524831 elementor-section-boxed elementor-section-height-default elementor-section-height-default\" data-id=\"b524831\" data-element_type=\"section\" data-e-type=\"section\">\n\t\t\t\t\t\t<div class=\"elementor-container elementor-column-gap-default\">\n\t\t\t\t\t<div class=\"elementor-column elementor-col-100 elementor-top-column elementor-element elementor-element-2e807e0\" data-id=\"2e807e0\" data-element_type=\"column\" data-e-type=\"column\">\n\t\t\t<div class=\"elementor-widget-wrap elementor-element-populated\">\n\t\t\t\t\t\t<div class=\"elementor-element elementor-element-eb96635 elementor-widget elementor-widget-text-editor\" data-id=\"eb96635\" data-element_type=\"widget\" data-e-type=\"widget\" data-widget_type=\"text-editor.default\">\n\t\t\t\t<div class=\"elementor-widget-container\">\n\t\t\t\t\t\t\t\t\t<p style=\"font-size: 18px;\"><span style=\"font-family: var( --e-global-typography-text-font-family ), Sans-serif; font-size: var( --e-global-typography-text-font-size ); font-style: var( --e-global-typography-text-font-style );\">In addition to her solo career, Lydia Schmidl is also intensely involved in chamber music. Together with guitarist\u00a0<\/span>Jorge Paz Verastegui<span style=\"font-family: var( --e-global-typography-text-font-family ), Sans-serif; font-size: var( --e-global-typography-text-font-size ); font-style: var( --e-global-typography-text-font-style );\">\u00a0gr\u00fcndete sie das international erfolgreiche\u00a0<\/span>Lux Nova Duo<span style=\"font-family: var( --e-global-typography-text-font-family ), Sans-serif; font-size: var( --e-global-typography-text-font-size ); font-style: var( --e-global-typography-text-font-style );\">, which is the only ensemble of its kind to consistently work on expanding the repertoire for accordion and guitar. More than 35 works have been dedicated to the duo, including pieces by Leo Brouwer, Jos\u00e9 Mar\u00eda S\u00e1nchez-Verd\u00fa, and Fabian Panisello. Their concerts have taken the duo to renowned venues such as the Berlin Philharmonic, the Konzerthaus Berlin, the Elbphilharmonie, the Glocke Bremen, and the national theaters of Costa Rica and Peru. The world premiere of Leo Brouwer's double concerto with string ensemble was broadcast live on Deutschlandfunk Kultur.<\/span><\/p><p style=\"font-weight: 400;\">Ihre CDs\u00a0<i><em>Inspiraci\u00f3n Bach<\/em><\/i>\u00a0(Genuin, 2020) and Meeting Leo Brouwer were nominated several times for the German Record Critics' Award and received excellent international acclaim. Radio stations such as BBC, ORF 1, SRF 2 Kultur, Deutschlandfunk Kultur, and Bremen Zwei reported on the album, which sensitively combines classical and contemporary music. Their current CD Transcend (Genuin 2023) was recorded with the W\u00fcrttemberg Chamber Orchestra Heilbronn. It contains exclusively first recordings of double concertos.<\/p><p style=\"font-weight: 400;\">As an orchestral musician, she has performed with the NDR Elbphilharmonie Orchestra under the baton of Alan Gilbert, broadcast live on Arte Concert from the Grand Hall of the Elbphilharmonie. Engagements with the Ensemble New Babylon Bremen and the Komponistenforum Osnabr\u00fcck have led to collaborations with composers such as Rebecca Saunders, Klaus Huber, and Younghi Pagh-Paan.\u00a0<\/p><p style=\"font-weight: 400;\">Lydia Schmidl received her training at the University of Music Franz Liszt Weimar under Prof. Ivan Koval and at the University of the Arts Bremen under Prof. Margit Kern, where she completed her master's degree in accordion in 2015. She also received important artistic inspiration from Prof. Claudia Buder and Prof. I\u00f1aki Alberdi at the Escola Superior de M\u00fasica de Catalunya in Barcelona. She is a recipient of the Carl M\u00fcllerhartung Scholarship from the Swiss Thyll Foundation and a former scholarship holder of the Artist Program.\u00a0<i><em>stART.up<\/em><\/i> der Claussen-Simon-Stiftung<\/p><p style=\"font-size: 18px;\">\u00a0<\/p>\t\t\t\t\t\t\t\t<\/div>\n\t\t\t\t<\/div>\n\t\t\t\t\t<\/div>\n\t\t<\/div>\n\t\t\t\t\t<\/div>\n\t\t<\/section>\n\t\t\t\t<section class=\"elementor-section elementor-top-section elementor-element elementor-element-a225afa elementor-section-boxed elementor-section-height-default elementor-section-height-default\" data-id=\"a225afa\" data-element_type=\"section\" data-e-type=\"section\">\n\t\t\t\t\t\t<div class=\"elementor-container elementor-column-gap-default\">\n\t\t\t\t\t<div class=\"elementor-column elementor-col-100 elementor-top-column elementor-element elementor-element-9828b66\" data-id=\"9828b66\" data-element_type=\"column\" data-e-type=\"column\">\n\t\t\t<div class=\"elementor-widget-wrap elementor-element-populated\">\n\t\t\t\t\t\t<div class=\"elementor-element elementor-element-35ce90f elementor-widget elementor-widget-spacer\" data-id=\"35ce90f\" data-element_type=\"widget\" data-e-type=\"widget\" data-widget_type=\"spacer.default\">\n\t\t\t\t<div class=\"elementor-widget-container\">\n\t\t\t\t\t\t\t<div class=\"elementor-spacer\">\n\t\t\t<div class=\"elementor-spacer-inner\"><\/div>\n\t\t<\/div>\n\t\t\t\t\t\t<\/div>\n\t\t\t\t<\/div>\n\t\t\t\t<div class=\"elementor-element elementor-element-3596218 elementor-widget elementor-widget-heading\" data-id=\"3596218\" data-element_type=\"widget\" data-e-type=\"widget\" data-widget_type=\"heading.default\">\n\t\t\t\t<div class=\"elementor-widget-container\">\n\t\t\t\t\t<h2 class=\"elementor-heading-title elementor-size-default\">Gallery<\/h2>\t\t\t\t<\/div>\n\t\t\t\t<\/div>\n\t\t\t\t<div class=\"elementor-element elementor-element-a9c664e elementor-widget elementor-widget-image-gallery\" data-id=\"a9c664e\" data-element_type=\"widget\" data-e-type=\"widget\" data-widget_type=\"image-gallery.default\">\n\t\t\t\t<div class=\"elementor-widget-container\">\n\t\t\t\t\t\t\t<div class=\"elementor-image-gallery\">\n\t\t\t<div id='gallery-1' class='gallery galleryid-81 gallery-columns-3 gallery-size-medium'><figure class='gallery-item'>\n\t\t\t<div class='gallery-icon portrait'>\n\t\t\t\t<a data-elementor-open-lightbox=\"yes\" data-elementor-lightbox-slideshow=\"a9c664e\" data-elementor-lightbox-title=\"Screenshot_20241114_002502_Instagram\" data-e-action-hash=\"#elementor-action%3Aaction%3Dlightbox%26settings%3DeyJpZCI6NzUwLCJ1cmwiOiJodHRwczpcL1wvbHlkaWEtc2NobWlkbC5jb21cL3dwLWNvbnRlbnRcL3VwbG9hZHNcLzIwMjZcLzAyXC9TY3JlZW5zaG90XzIwMjQxMTE0XzAwMjUwMl9JbnN0YWdyYW0uanBnIiwic2xpZGVzaG93IjoiYTljNjY0ZSJ9\" href='https:\/\/lydia-schmidl.com\/wp-content\/uploads\/2026\/02\/Screenshot_20241114_002502_Instagram.jpg'><img fetchpriority=\"high\" decoding=\"async\" width=\"268\" height=\"300\" src=\"https:\/\/lydia-schmidl.com\/wp-content\/uploads\/2026\/02\/Screenshot_20241114_002502_Instagram-268x300.jpg\" class=\"attachment-medium size-medium\" alt=\"\" srcset=\"https:\/\/lydia-schmidl.com\/wp-content\/uploads\/2026\/02\/Screenshot_20241114_002502_Instagram-268x300.jpg 268w, https:\/\/lydia-schmidl.com\/wp-content\/uploads\/2026\/02\/Screenshot_20241114_002502_Instagram-914x1024.jpg 914w, https:\/\/lydia-schmidl.com\/wp-content\/uploads\/2026\/02\/Screenshot_20241114_002502_Instagram-11x12.jpg 11w, https:\/\/lydia-schmidl.com\/wp-content\/uploads\/2026\/02\/Screenshot_20241114_002502_Instagram.jpg 1080w\" sizes=\"100vw\" \/><\/a>\n\t\t\t<\/div><\/figure><figure class='gallery-item'>\n\t\t\t<div class='gallery-icon portrait'>\n\t\t\t\t<a data-elementor-open-lightbox=\"yes\" data-elementor-lightbox-slideshow=\"a9c664e\" data-elementor-lightbox-title=\"20241208_201950\" data-e-action-hash=\"#elementor-action%3Aaction%3Dlightbox%26settings%3DeyJpZCI6NzUyLCJ1cmwiOiJodHRwczpcL1wvbHlkaWEtc2NobWlkbC5jb21cL3dwLWNvbnRlbnRcL3VwbG9hZHNcLzIwMjZcLzAyXC8yMDI0MTIwOF8yMDE5NTAtc2NhbGVkLmpwZyIsInNsaWRlc2hvdyI6ImE5YzY2NGUifQ%3D%3D\" href='https:\/\/lydia-schmidl.com\/wp-content\/uploads\/2026\/02\/20241208_201950-scaled.jpg'><img decoding=\"async\" width=\"225\" height=\"300\" src=\"https:\/\/lydia-schmidl.com\/wp-content\/uploads\/2026\/02\/20241208_201950-225x300.jpg\" class=\"attachment-medium size-medium\" alt=\"\" srcset=\"https:\/\/lydia-schmidl.com\/wp-content\/uploads\/2026\/02\/20241208_201950-225x300.jpg 225w, https:\/\/lydia-schmidl.com\/wp-content\/uploads\/2026\/02\/20241208_201950-768x1024.jpg 768w, https:\/\/lydia-schmidl.com\/wp-content\/uploads\/2026\/02\/20241208_201950-2000x2667.jpg 2000w, https:\/\/lydia-schmidl.com\/wp-content\/uploads\/2026\/02\/20241208_201950-scaled-9x12.jpg 9w, https:\/\/lydia-schmidl.com\/wp-content\/uploads\/2026\/02\/20241208_201950-scaled.jpg 1920w\" sizes=\"100vw\" \/><\/a>\n\t\t\t<\/div><\/figure><figure class='gallery-item'>\n\t\t\t<div class='gallery-icon landscape'>\n\t\t\t\t<a data-elementor-open-lightbox=\"yes\" data-elementor-lightbox-slideshow=\"a9c664e\" data-elementor-lightbox-title=\"IMG_20251026_170731_484\" data-e-action-hash=\"#elementor-action%3Aaction%3Dlightbox%26settings%3DeyJpZCI6NzYwLCJ1cmwiOiJodHRwczpcL1wvbHlkaWEtc2NobWlkbC5jb21cL3dwLWNvbnRlbnRcL3VwbG9hZHNcLzIwMjZcLzAyXC9JTUdfMjAyNTEwMjZfMTcwNzMxXzQ4NC53ZWJwIiwic2xpZGVzaG93IjoiYTljNjY0ZSJ9\" href='https:\/\/lydia-schmidl.com\/wp-content\/uploads\/2026\/02\/IMG_20251026_170731_484.webp'><img decoding=\"async\" width=\"300\" height=\"300\" src=\"https:\/\/lydia-schmidl.com\/wp-content\/uploads\/2026\/02\/IMG_20251026_170731_484-300x300.webp\" class=\"attachment-medium size-medium\" alt=\"\" srcset=\"https:\/\/lydia-schmidl.com\/wp-content\/uploads\/2026\/02\/IMG_20251026_170731_484-300x300.webp 300w, https:\/\/lydia-schmidl.com\/wp-content\/uploads\/2026\/02\/IMG_20251026_170731_484-1024x1024.webp 1024w, https:\/\/lydia-schmidl.com\/wp-content\/uploads\/2026\/02\/IMG_20251026_170731_484-150x150.webp 150w, https:\/\/lydia-schmidl.com\/wp-content\/uploads\/2026\/02\/IMG_20251026_170731_484-12x12.webp 12w, https:\/\/lydia-schmidl.com\/wp-content\/uploads\/2026\/02\/IMG_20251026_170731_484.webp 1440w\" sizes=\"100vw\" \/><\/a>\n\t\t\t<\/div><\/figure>\n\t\t<\/div>\n\t\t<\/div>\n\t\t\t\t\t\t<\/div>\n\t\t\t\t<\/div>\n\t\t\t\t\t<\/div>\n\t\t<\/div>\n\t\t\t\t\t<\/div>\n\t\t<\/section>\n\t\t\t\t<\/div>","protected":false},"excerpt":{"rendered":"<p>Lydia Schmidl\u00a0ist eine vielseitige Akkordeonistin und P\u00e4dagogin, die mit Hingabe die Grenzen ihres Instruments immer wieder erweitert. Als Dozentin f\u00fcr das Hauptfach Akkordeon an der Hochschule f\u00fcr K\u00fcnste Bremen vermittelt sie ihre k\u00fcnstlerische Erfahrung an die n\u00e4chste Generation und pr\u00e4gt eine lebendige Akkordeonszene im norddeutschen Raum. Einen besonderen Schwerpunkt ihrer Arbeit bildet die zeitgen\u00f6ssische Musik. &hellip; <\/p>\n<p class=\"link-more\"><a href=\"https:\/\/lydia-schmidl.com\/en\/biografie\/\" class=\"more-link\">Read more<span class=\"screen-reader-text\"> &#8222;Biografie&#8220;<\/span><\/a><\/p>","protected":false},"author":3,"featured_media":703,"parent":0,"menu_order":0,"comment_status":"closed","ping_status":"closed","template":"","meta":{"footnotes":""},"class_list":["post-81","page","type-page","status-publish","has-post-thumbnail","hentry"],"_links":{"self":[{"href":"https:\/\/lydia-schmidl.com\/en\/wp-json\/wp\/v2\/pages\/81","targetHints":{"allow":["GET"]}}],"collection":[{"href":"https:\/\/lydia-schmidl.com\/en\/wp-json\/wp\/v2\/pages"}],"about":[{"href":"https:\/\/lydia-schmidl.com\/en\/wp-json\/wp\/v2\/types\/page"}],"author":[{"embeddable":true,"href":"https:\/\/lydia-schmidl.com\/en\/wp-json\/wp\/v2\/users\/3"}],"replies":[{"embeddable":true,"href":"https:\/\/lydia-schmidl.com\/en\/wp-json\/wp\/v2\/comments?post=81"}],"version-history":[{"count":10,"href":"https:\/\/lydia-schmidl.com\/en\/wp-json\/wp\/v2\/pages\/81\/revisions"}],"predecessor-version":[{"id":788,"href":"https:\/\/lydia-schmidl.com\/en\/wp-json\/wp\/v2\/pages\/81\/revisions\/788"}],"wp:featuredmedia":[{"embeddable":true,"href":"https:\/\/lydia-schmidl.com\/en\/wp-json\/wp\/v2\/media\/703"}],"wp:attachment":[{"href":"https:\/\/lydia-schmidl.com\/en\/wp-json\/wp\/v2\/media?parent=81"}],"curies":[{"name":"wp","href":"https:\/\/api.w.org\/{rel}","templated":true}]}}